{"id":3847,"date":"2025-12-09T18:26:44","date_gmt":"2025-12-09T18:26:44","guid":{"rendered":"https:\/\/capital-transmission.swiss-tomato.ch\/datenschutzhinweis\/"},"modified":"2025-12-09T19:37:07","modified_gmt":"2025-12-09T19:37:07","slug":"datenschutzhinweis","status":"publish","type":"page","link":"https:\/\/capital-transmission.swiss-tomato.ch\/de\/datenschutzhinweis\/","title":{"rendered":"Datenschutzhinweis"},"content":{"rendered":"\n<h2 class=\"wp-block-heading\" id=\"i-generalites\">I. Allgemeines <\/h2>\n\n<p>Der Schutz Ihrer personenbezogenen Daten und Ihrer Privatsph\u00e4re ist f\u00fcr Capital Transmission SA (\u201eCTSA\u201c) von gr\u00f6\u00dfter Bedeutung. Die vorliegende Erkl\u00e4rung beschreibt die Verfahren zur Erhebung und Verarbeitung personenbezogener Daten (dieser Begriff wird in Frage 1 unten definiert), die CTSA als \u201eVerantwortlicher\u201c im Rahmen seiner T\u00e4tigkeiten durchf\u00fchrt.  <\/p>\n\n<p>Diese Erkl\u00e4rung gilt f\u00fcr personenbezogene Daten von nat\u00fcrlichen Personen, die im Rahmen von Gesch\u00e4ftsbeziehungen oder anderen Interaktionen mit CTSA beteiligt sind, insbesondere: <\/p>\n\n<ul class=\"wp-block-list\">\n<li>Beteiligte an einer Investitionstransaktion, <\/li>\n\n\n\n<li>Vertreter und F\u00fchrungskr\u00e4fte von Ziel- oder Partnerunternehmen, <\/li>\n\n\n\n<li>institutionelle oder private Investoren, <\/li>\n\n\n\n<li>potenzielle Kunden, Gesch\u00e4ftskontakte oder verbundene Personen, \u2013 Nutzer der Website. <\/li>\n\n\n\n<li>Nutzer der Website.<\/li>\n<\/ul>\n\n<p>Diese Erkl\u00e4rung erg\u00e4nzt die bereits im Rahmen der Gesch\u00e4ftsbeziehungen mitgeteilten vertraglichen oder regulatorischen Informationen sowie die auf der Website von CTSA \u00fcbermittelten Informationen zur Verwendung von Cookies. <\/p>\n\n<h2 class=\"wp-block-heading\" id=\"ii-traitement-de-donnees\">II. Datenverarbeitung <\/h2>\n\n<p id=\"1-quelles-donnees-personnelles-sont-traitees-par-ctsa\"><strong>1. Welche personenbezogenen Daten werden von CTSA verarbeitet?<\/strong><\/p>\n\n<p>Im Rahmen ihrer T\u00e4tigkeiten erhebt und verarbeitet CTSA personenbezogene Daten von nat\u00fcrlichen Personen, die mit ihren wirtschaftlichen Aktivit\u00e4ten in Verbindung stehen (z. B. Investoren oder Vertreter eines Investors) oder allgemein mit dem Leben von CTSA als Unternehmen in Verbindung stehen (z. B. Lieferanten oder Vertreter eines Lieferanten) (im Folgenden \u201ebetroffene Person\u201c).  <\/p>\n\n<p>Wenn eine betroffene Person oder ein Dritter (z. B. das Beteiligungsunternehmen oder ein Vermittler) CTSA personenbezogene Daten \u00fcber eine nat\u00fcrliche Person (\u201everbundene Person\u201c) \u00fcbermittelt, ist es Aufgabe dieser betroffenen Person oder dieses Dritten, die verbundene Person \u00fcber diese \u00dcbermittlung zu informieren. <\/p>\n\n<p>Der Begriff \u201epersonenbezogene Daten\u201d bezeichnet alle Informationen \u00fcber eine identifizierte (z. B. durch einen Reisepass) oder identifizierbare (z. B. durch Bezugnahme auf eine AHV-Nummer oder durch den Abgleich mehrerer spezifischer Elemente der betroffenen Person wie Geburtsdatum, Geburtsort und Wohnsitzkanton) nat\u00fcrliche Person. Die CTSA kann insbesondere die folgenden Kategorien personenbezogener Daten von betroffenen Personen verarbeiten: <\/p>\n\n<figure class=\"wp-block-table\"><table class=\"has-fixed-layout\"><tbody><tr><td><strong>Kategorie personenbezogener Daten<\/strong><\/td><td><strong>Beispiele<\/strong><\/td><\/tr><tr><td>Identifizierungsdaten <\/td><td>Name, Adresse, Telefonnummer, E-Mail-Adresse, berufliche Kontaktdaten, Fotos, Video- und Audioaufzeichnungen <\/td><\/tr><tr><td>Pers\u00f6nliche Merkmale <\/td><td>Geburtsdatum, Geburtsland <\/td><\/tr><tr><td>Von \u00f6ffentlichen Stellen ausgestellte <\/td><td>Reisepass, Personalausweis, Steueridentifikationsnummer, Sozialversicherungsnummer <\/td><\/tr><tr><td>Angaben zur famili\u00e4ren Situation <\/td><td>Familienstand, Anzahl der Kinder <\/td><\/tr><tr><td>Berufliche Informationen <\/td><td>Berufserfahrung, Vertretungsbefugnis, berufliche Kontaktdaten, Titel, eventuelle Sanktionen oder Verfahren &#13;\n<\/td><\/tr><tr><td>Finanzielle Informationen <\/td><td>Einkommen und Verm\u00f6gen, Informationen zur Kreditgeschichte, Bankverbindung, Auszug aus dem Schuldbetreibungs- und Konkursregister <\/td><\/tr><tr><td>Informationen zu Transaktionen oder Investitionen <\/td><td>Aktuelle und fr\u00fchere Investitionen, Anlageprofil, Anlagepr\u00e4ferenzen, investierte Betr\u00e4ge, gehaltene Finanzinstrumente, Rolle im Rahmen einer Transaktion (Verk\u00e4ufer\/K\u00e4ufer) <\/td><\/tr><tr><td>Informationen aus dem Austausch  zwischen der betroffenen Person und CTSA <\/td><td>Anrufe, Besprechungen, E-Mail- und\/oder SMS-Korrespondenz, Telefongespr\u00e4che, IP-Adresse und Informationen zur Nutzung der Website von CTSA <\/td><\/tr><tr><td>Sicherheits- und Verwaltungsdaten  <\/td><td>Referenzen, Reputations- und Hintergrund\u00fcberpr\u00fcfungen, Anwesenheitsliste in den R\u00e4umlichkeiten von CTSA <\/td><\/tr><\/tbody><\/table><\/figure>\n\n<p><strong>2. Woher stammen die von CTSA verarbeiteten personenbezogenen Daten? <\/strong><\/p>\n\n<p>CTSA erhebt personenbezogene Daten: <\/p>\n\n<ul class=\"wp-block-list\">\n<li>direkt von jeder betroffenen Person, beispielsweise wenn die betroffene Person CTSA kontaktiert oder ein Formular von CTSA ausf\u00fcllt; und\/oder <\/li>\n\n\n\n<li>indirekt \u00fcber externe Quellen, einschlie\u00dflich \u00f6ffentlich zug\u00e4nglicher Quellen (z. B. Ver\u00f6ffentlichungen oder Datenbanken), Informationen, die \u00fcber Abonnementdienste (z. B. Bloomberg) oder \u00fcber andere Dritte (z. B. Beteiligungs- oder Investmentgesellschaften, Gesch\u00e4ftsvermittler oder Verwaltungsgesellschaften) verf\u00fcgbar sind. <\/li>\n<\/ul>\n\n<p><strong>3. Welche personenbezogenen Daten verarbeitet CTSA?<\/strong><\/p>\n\n<p>CTSA kann personenbezogene Daten insbesondere im Rahmen der nachstehend aufgef\u00fchrten Zwecke (Ziele) verarbeiten: <\/p>\n\n<p>A. Die nachstehend aufgef\u00fchrten Verfahren zur Verarbeitung personenbezogener Daten basieren auf der Erf\u00fcllung einer vertraglichen Verpflichtung gegen\u00fcber einer betroffenen Person: <\/p>\n\n<ul class=\"wp-block-list\">\n<li>Aufnahme und Verwaltung von Gesch\u00e4ftsbeziehungen und Investitionst\u00e4tigkeiten; <\/li>\n\n\n\n<li>alle Vorg\u00e4nge im Zusammenhang mit der Identifizierung einer betroffenen Person; <\/li>\n\n\n\n<li>Erbringung aller Dienstleistungen im Zusammenhang mit der Gesch\u00e4fts- oder Investitionsbeziehung; <\/li>\n\n\n\n<li>die Einhaltung der geltenden Vertragsklauseln; <\/li>\n\n\n\n<li>Versand von Informationen administrativer Art (z. B. Aktualisierung der Allgemeinen Gesch\u00e4ftsbedingungen oder der Nutzungsbedingungen f\u00fcr Dienstleistungen); <\/li>\n\n\n\n<li>alle anderen Zwecke im Zusammenhang mit der Erf\u00fcllung und Verwaltung seiner Vertragsbeziehungen; <\/li>\n\n\n\n<li>alle anderen Zwecke im Zusammenhang mit der Durchf\u00fchrung und Verwaltung von Transaktions- und Investitionsbeziehungen. <\/li>\n<\/ul>\n\n<p>B. Die nachstehend aufgef\u00fchrten Verfahren zur Verarbeitung personenbezogener Daten basieren auf einer gesetzlichen oder beh\u00f6rdlichen Verpflichtung: <\/p>\n\n<ul class=\"wp-block-list\">\n<li>die Bereitstellung von Informationen \u00fcber die Produkte und Dienstleistungen von CTSA f\u00fcr die betroffenen Personen; <\/li>\n\n\n\n<li>\u00dcberpr\u00fcfungen im Zusammenhang mit der Bek\u00e4mpfung von Geldw\u00e4sche und Terrorismusfinanzierung; <\/li>\n\n\n\n<li>die Kontrolle der Einhaltung der Finanzmarktvorschriften und die Abgabe der dadurch vorgeschriebenen Erkl\u00e4rungen; <\/li>\n\n\n\n<li>Beantwortung von Anfragen der zust\u00e4ndigen Justiz-, Verwaltungs- oder Strafverfolgungsbeh\u00f6rden und Zusammenarbeit mit diesen in jeder Form;  <\/li>\n\n\n\n<li>alle Ma\u00dfnahmen zur Umsetzung internationaler Sanktionen in \u00dcbereinstimmung mit den von CTSA festgelegten Verfahren, was insbesondere die Verarbeitung personenbezogener Daten zu \u00dcberpr\u00fcfungszwecken (<em>Screening<\/em>) umfasst.<\/li>\n<\/ul>\n\n<p>C. Die nachstehend aufgef\u00fchrten Verfahren zur Verarbeitung personenbezogener Daten basieren auf <strong>dem berechtigten Interesse von CTSA<\/strong>:<\/p>\n\n<ul class=\"wp-block-list\">\n<li>jede Bearbeitung zum Zwecke der Entwicklung der Gesch\u00e4ftsbeziehung; <\/li>\n\n\n\n<li>jede Verarbeitung zum Zwecke der Verbesserung der Organisation und der internen Prozesse von CTSA; <\/li>\n\n\n\n<li>jede Verarbeitung im Zusammenhang mit der Verwaltung der IT-Umgebung und der Website von CTSA, insbesondere zum Zwecke der Wartung und Sicherheit; <\/li>\n\n\n\n<li>jede Verarbeitung zum Zwecke der Wartung und Sicherheit der R\u00e4umlichkeiten und Infrastrukturen von CTSA; <\/li>\n\n\n\n<li>die Bewertung bestimmter Merkmale der betroffenen Personen mithilfe der automatisierten Verarbeitung personenbezogener Daten (\u201eProfiling\u201c) (siehe auch Frage 4); <\/li>\n\n\n\n<li>die Bewertung und das Management von Risiken, insbesondere von Markt-, Kredit-, Betriebs-, Liquidit\u00e4ts-, Rechts- und Reputationsrisiken; <\/li>\n\n\n\n<li>die Verwendung personenbezogener Daten f\u00fcr kommerzielle Zwecke (<em>Marketing<\/em>), es sei denn, die betroffene Person hat der Verwendung ihrer personenbezogenen Daten zu diesem Zweck widersprochen;<\/li>\n\n\n\n<li>jede Verarbeitung, die erforderlich ist, damit CTSA einen aktuellen oder zuk\u00fcnftigen Anspruch geltend machen, aus\u00fcben oder sich dagegen verteidigen kann oder damit CTSA einer Untersuchung einer Beh\u00f6rde in der Schweiz oder im Ausland nachkommen kann;  <\/li>\n\n\n\n<li>jede Verarbeitung, die erforderlich ist, damit CTSA eine Transaktion nachweisen kann; <\/li>\n\n\n\n<li>die Aufzeichnung von Telefongespr\u00e4chen und elektronischer Kommunikation mit betroffenen Personen zum Schutz der Interessen von CTSA, zur Bek\u00e4mpfung von Betrug oder anderen Straftaten, zur Analyse und Verbesserung der Qualit\u00e4t der angebotenen Dienstleistungen und Produkte, zur Schulung der Mitarbeiter von CTSA und zum Risikomanagement der Bank. <\/li>\n<\/ul>\n\n<p>Die betroffene Person erkennt ebenfalls an, dass CTSA, wenn sie einem sozialen Netzwerk (wie Facebook, Instagram usw.) die Weitergabe personenbezogener Daten an CTSA gestattet, CTSA alle personenbezogenen Daten erhalten kann, die die betroffene Person \u00f6ffentlich in diesem sozialen Netzwerk geteilt hat, wie z. B. Kontaktinformationen (z. B. Name, E-Mail-Adresse, Geschlecht, Freundes- oder Kontaktlisten) oder Informationen, die sie in ihrem Profil ver\u00f6ffentlicht (z. B. Profilfoto oder Pr\u00e4ferenzen). <\/p>\n\n<p><strong>4. F\u00fchrt CTSA \u201eProfiling\u201d oder \u201eautomatisierte Einzelentscheidungen\u201d durch?<\/strong><\/p>\n\n<p>CTSA kann bestimmte Merkmale einer betroffenen Person durch automatisierte Verfahren zur Verarbeitung personenbezogener Daten (\u201e<strong>Profiling<\/strong>\u201c) bewerten, insbesondere um personalisierte Angebote und Empfehlungen oder Informationen zu den Produkten und Dienstleistungen von CTSA bereitzustellen. CTSA kann Profiling auch einsetzen, um das mit einer betroffenen Person verbundene Risiko zu ermitteln.<\/p>\n\n<p>Sollte CTSA in Zukunft im Rahmen seiner Gesch\u00e4ftsbeziehungen mit seinen Kunden \u201eautomatisierte Einzelentscheidungen\u201d treffen, wird dies in \u00dcbereinstimmung mit den geltenden gesetzlichen und beh\u00f6rdlichen Anforderungen erfolgen. <\/p>\n\n<p><strong>5. Gibt CTSA personenbezogene Daten an Dritte weiter? <\/strong><\/p>\n\n<p>CTSA kann personenbezogene Daten an seine Subunternehmer oder Gesch\u00e4ftspartner weitergeben, um Vorg\u00e4nge im Zusammenhang mit der Bereitstellung seiner Produkte und Dienstleistungen, der Verwaltung seiner Website oder ganz allgemein den Aktivit\u00e4ten von CTSA durchzuf\u00fchren.  <\/p>\n\n<p>So beh\u00e4lt sich CTSA insbesondere das Recht vor, personenbezogene Daten weiterzugeben: <\/p>\n\n<ul class=\"wp-block-list\">\n<li>an Justiz- oder Verwaltungsbeh\u00f6rden, auf Anfrage oder spontan in den gesetzlich vorgesehenen F\u00e4llen;.  <\/li>\n\n\n\n<li>an Subunternehmer im Rahmen von Outsourcing-Ma\u00dfnahmen; <\/li>\n\n\n\n<li>an Betreiber von Finanzmarktinfrastrukturen (insbesondere B\u00f6rsen), Makler, Banken oder Emittenten von Finanzprodukten; <\/li>\n\n\n\n<li>an Kommunikationsdienstleister (z. B. im Zusammenhang mit der Verwaltung eines Newsletters und der von CTSA genutzten sozialen Netzwerke), &#13;\nVeranstaltungs-, Marketing- oder andere Dienstleister im Zusammenhang mit der Verwaltung der betroffenen Person von CTSA; &#8211; an die Revisionsstelle von CTSA, ihre Rechtsberater und\/oder bestimmte Dienstleister von CTSA; \u2013 an verbundene Unternehmen. <\/li>\n<\/ul>\n\n<p>6. Werden personenbezogene Daten au\u00dferhalb der Schweiz \u00fcbertragen?<\/p>\n\n<p>CTSA kann personenbezogene Daten au\u00dferhalb der Schweiz offenlegen, \u00fcbermitteln und\/oder speichern: <\/p>\n\n<ol class=\"wp-block-list\">\n<li>im Rahmen des Abschlusses oder der Erf\u00fcllung von Vertr\u00e4gen, die direkt oder indirekt mit der Gesch\u00e4ftsbeziehung in Zusammenhang stehen (d. h. ein Vertrag, der mit einer betroffenen Person oder einem Dritten, aber im Interesse einer betroffenen Person geschlossen wurde), beispielsweise im Rahmen von Outsourcing-Ma\u00dfnahmen;<\/li>\n\n\n\n<li>wenn eine solche \u00dcbermittlung zur Wahrung eines \u00fcberwiegenden \u00f6ffentlichen Interesses erforderlich ist; <\/li>\n\n\n\n<li>wenn eine solche \u00dcbermittlung erforderlich ist, damit CTSA einen aktuellen oder zuk\u00fcnftigen Anspruch geltend machen, aus\u00fcben oder sich dagegen verteidigen kann oder damit CTSA einer Untersuchung oder Anfrage einer Beh\u00f6rde in der Schweiz oder im Ausland nachkommen kann; oder (iv) wenn eine solche \u00dcbermittlung aufgrund geltender Gesetze oder Vorschriften erforderlich ist. <\/li>\n<\/ol>\n\n<p>Wenn solche \u00dcbermittlungen personenbezogener Daten in einen Staat erfolgen, der (aus Schweizer Sicht) kein angemessenes Schutzniveau f\u00fcr personenbezogene Daten bietet, wird CTSA, sofern dies nach den geltenden Vorschriften erforderlich ist, daf\u00fcr sorgen, dass die erforderlichen Einwilligungen eingeholt oder geeignete Garantien eingerichtet werden, insbesondere vertragliche Verpflichtungen, die insbesondere in Form der von der Europ\u00e4ischen Kommission festgelegten Standardvertragsklauseln erfolgen k\u00f6nnen.<strong> In jedem Fall best\u00e4tigt die betroffene Person oder der Dritte, der die personenbezogenen Daten an CTSA \u00fcbermittelt hat (siehe Frage 1 oben), dass sie die verbundenen Personen dar\u00fcber informiert hat. <\/strong><\/p>\n\n<p>Die betroffenen Personen k\u00f6nnen weitere Informationen \u00fcber die \u00dcbermittlung ihrer personenbezogenen Daten (insbesondere \u00fcber die Empf\u00e4nger, die Ziell\u00e4nder und die getroffenen Garantien) erhalten, indem sie sich unter der in Abschnitt 10 unten angegebenen Adresse an CTSA wenden.  <\/p>\n\n<p><strong>7. Wie lange werden personenbezogene Daten gespeichert? <\/strong><\/p>\n\n<p>CTSA speichert personenbezogene Daten so lange, wie es zur Erreichung des angestrebten Zwecks erforderlich ist (siehe Frage 3 oben). CTSA l\u00f6scht oder anonymisiert personenbezogene Daten, wenn sie zur Erreichung eines Zwecks nicht mehr erforderlich sind, <\/p>\n\n<ul class=\"wp-block-list\">\n<li>vorbehaltlich der f\u00fcr CTSA geltenden gesetzlichen und beh\u00f6rdlichen Verpflichtungen zur Aufbewahrung von Dokumenten und Informationen.  <\/li>\n\n\n\n<li>vorbehaltlich der F\u00e4lle, in denen eine l\u00e4ngere Aufbewahrungsfrist erforderlich ist, damit CTSA einen aktuellen oder zuk\u00fcnftigen Anspruch geltend machen, aus\u00fcben oder sich dagegen verteidigen kann oder damit CTSA einer Untersuchung einer Beh\u00f6rde in der Schweiz oder im Ausland nachkommen kann (z. B. Einrichtung einer <em>gesetzlichen Aufbewahrungspflicht<\/em>); und<\/li>\n\n\n\n<li>vorbehaltlich der Dauer, die erforderlich ist, damit CTSA seinen betrieblichen Verpflichtungen nachkommen kann, wie beispielsweise der Verwaltung seiner Gesch\u00e4ftsbeziehungen oder der ordnungsgem\u00e4\u00dfen F\u00fchrung seiner Konten.  <\/li>\n<\/ul>\n\n<p><strong>8. Welche Rechte hat jede betroffene Person in Bezug auf ihre personenbezogenen Daten? <\/strong><\/p>\n\n<p>Im Rahmen und innerhalb der Grenzen der geltenden Vorschriften hat jede betroffene Person die folgenden Rechte in Bezug auf ihre von CTSA verarbeiteten personenbezogenen Daten: <\/p>\n\n<ul class=\"wp-block-list\">\n<li>das Recht auf Zugang zu ihren personenbezogenen Daten; <\/li>\n\n\n\n<li>das Recht, von CTSA zu verlangen, dass sie ihm die ihn betreffenden personenbezogenen Daten, die er CTSA \u00fcbermittelt hat (mit Ausnahme von personenbezogenen Daten, die CTSA aus anderen Quellen erhalten hat) und die CTSA (i) mit seiner Einwilligung oder (ii) in direktem Zusammenhang mit der Gesch\u00e4ftsbeziehung automatisiert verarbeitet, in einem g\u00e4ngigen elektronischen Format zur Verf\u00fcgung stellt; <\/li>\n\n\n\n<li>das Recht, Informationen \u00fcber die Art und Weise der Verarbeitung seiner personenbezogenen Daten durch CTSA zu erhalten; <\/li>\n\n\n\n<li>das Recht auf Berichtigung der personenbezogenen Daten, wenn diese unrichtig oder unvollst\u00e4ndig sind, <\/li>\n\n\n\n<li>das Recht, der Verarbeitung seiner personenbezogenen Daten zu widersprechen, deren Einschr\u00e4nkung zu verlangen oder seine Einwilligung zu deren Verarbeitung im gesetzlich vorgesehenen Umfang zu widerrufen (siehe Erl\u00e4uterungen unter Frage 8 unten). <\/li>\n\n\n\n<li>das Recht, die L\u00f6schung seiner personenbezogenen Daten zu verlangen, wenn diese f\u00fcr die Zwecke, f\u00fcr die sie erhoben oder verarbeitet wurden, nicht mehr erforderlich sind oder wenn die betroffene Person ihre Einwilligung widerrufen hat (in F\u00e4llen, in denen die Verarbeitung der betreffenden personenbezogenen Daten auf der Einwilligung der betroffenen Person beruht), vorbehaltlich der geltenden Aufbewahrungsfristen (siehe Frage 7 oben); und <\/li>\n\n\n\n<li>das Recht, zus\u00e4tzliche Informationen von CTSA unter den in Abschnitt 10 unten angegebenen Kontaktdaten zu erhalten und, wenn die betroffene Person die Antwort f\u00fcr nicht zufriedenstellend h\u00e4lt, sich an den Eidgen\u00f6ssischen Datenschutz- und \u00d6ffentlichkeitsbeauftragten <a href=\"https:\/\/www.edoeb.admin.ch\/edoeb\/fr\/home.html\" target=\"_blank\" rel=\"noopener\">(<\/a><a href=\"https:\/\/www.edoeb.admin.ch\/edoeb\/fr\/home.html\" target=\"_blank\" rel=\"noopener\">https:\/\/www.edoeb.admin.ch\/edoeb\/fr\/home.html<\/a><a href=\"https:\/\/www.edoeb.admin.ch\/edoeb\/fr\/home.html\" target=\"_blank\" rel=\"noopener\">)<\/a> zu wenden.<\/li>\n<\/ul>\n\n<p><strong>CTSA weist jede betroffene Person ausdr\u00fccklich darauf hin, dass sie jederzeit unter der in Abschnitt 10 unten angegebenen Adresse von CTSA <\/strong><\/p>\n\n<ul class=\"wp-block-list\">\n<li><strong>der Verwendung ihrer personenbezogenen Daten zu Zwecken der kommerziellen Werbung (Marketing) durch CTSA oder Dritte widersprechen <\/strong><strong>kann; oder <\/strong><\/li>\n\n\n\n<li><strong>wenn die Verarbeitung auf der Einwilligung als Rechtsgrundlage beruht, seine Einwilligung zu widerrufen (wobei zu beachten ist, dass CTSA in einem solchen Fall dennoch berechtigt ist, die Verarbeitung fortzusetzen, wenn ein anderer Rechtfertigungsgrund vorliegt). <\/strong><\/li>\n<\/ul>\n\n<p><strong>Wenn bestimmte personenbezogene Daten der betroffenen Person nicht vorliegen (oder wenn die betroffene Person ihr Recht auf Widerspruch gegen die Verarbeitung personenbezogener Daten oder auf Widerruf ihrer Einwilligung aus\u00fcbt), ist CTSA m\u00f6glicherweise nicht in der Lage, der betroffenen Person die Dienstleistung oder das Produkt zur Verf\u00fcgung zu stellen, f\u00fcr die bzw. das die Verarbeitung dieser personenbezogenen Daten erforderlich ist. <\/strong><\/p>\n\n<p>9. Datensicherheit und Risiken im Zusammenhang mit der Nutzung des Internets <\/p>\n\n<p>Personenbezogene Daten k\u00f6nnen auf den technologischen Systemen oder in den Papierakten von CTSA oder seinen Subunternehmern gespeichert werden. <\/p>\n\n<p>Dar\u00fcber hinaus k\u00f6nnen die betroffenen Personen und CTSA personenbezogene Daten unter anderem \u00fcber das Internet austauschen. Das Internet ist ein offenes Netzwerk, das f\u00fcr jedermann zug\u00e4nglich ist und keine sichere Umgebung bietet. Auch wenn CTSA Standardtechnologien und Sicherheitsmassnahmen einsetzt, um personenbezogene Daten vor unbefugtem Zugriff, illegaler oder missbr\u00e4uchlicher Verwendung, Offenlegung, Verlust, Zerst\u00f6rung oder Besch\u00e4digung zu sch\u00fctzen, kann die Nutzung des Internets dennoch zur Offenlegung personenbezogener Daten der betroffenen Person ausserhalb der Schweiz f\u00fchren. <\/p>\n\n<p>Dar\u00fcber hinaus birgt jede Internetverbindung \u2013 selbst wenn sie verschl\u00fcsselt ist \u2013 das Risiko, dass unbeabsichtigt Viren oder Cookies heruntergeladen werden oder dass Dritte heimlich auf den Computer der betroffenen Person und die darauf gespeicherten Daten zugreifen k\u00f6nnen. Die betroffene Person erkennt dieses Risiko an und akzeptiert es. <\/p>\n\n<p>Ebenso kann keine Sicherheitsvorrichtung, selbst wenn sie auf den neuesten technischen Entwicklungen basiert, absolute Sicherheit sowohl f\u00fcr CTSA als auch f\u00fcr die betroffene Person garantieren. Das Endger\u00e4t (z. B. der Computer der betroffenen Person) entzieht sich der Kontrolle von CTSA und kann eine Schwachstelle des Systems darstellen. Insbesondere besteht das latente Risiko, dass ein Dritter beim Austausch von Daten \u00fcber das Internet ohne Wissen der betroffenen Person auf deren Endger\u00e4t zugreift. <strong>Die betroffene Person versteht und akzeptiert daher, dass CTSA trotz aller Sicherheitsma\u00dfnahmen aus technischen Gr\u00fcnden keine Haftung in dieser Hinsicht \u00fcbernehmen kann.<\/strong><\/p>\n\n<p><strong>10. Zus\u00e4tzliche Informationen zur Verarbeitung personenbezogener Daten durch CTSA<\/strong><\/p>\n\n<p>Bei Fragen zu dieser Datenschutzerkl\u00e4rung sowie zur Aus\u00fcbung der oben genannten Rechte k\u00f6nnen sich die betroffenen Personen unter der folgenden E-Mail-Adresse an CTSA wenden: info@capitaltransmission.ch oder per Post an folgende Adresse: Capital Transmission SA, Quai de l\u2019Ile 17, Postfach 2251, CH-1211 Genf 2. <\/p>\n","protected":false},"excerpt":{"rendered":"<p>I. Allgemeines Der Schutz Ihrer personenbezogenen Daten und Ihrer Privatsph\u00e4re ist f\u00fcr Capital Transmission SA (\u201eCTSA\u201c) von gr\u00f6\u00dfter Bedeutung. Die vorliegende Erkl\u00e4rung beschreibt die Verfahren zur Erhebung und Verarbeitung personenbezogener Daten (dieser Begriff wird in Frage 1 unten definiert), die CTSA als \u201eVerantwortlicher\u201c im Rahmen seiner T\u00e4tigkeiten durchf\u00fchrt. Diese Erkl\u00e4rung gilt f\u00fcr personenbezogene Daten von [&hellip;]<\/p>\n","protected":false},"author":1,"featured_media":2157,"parent":0,"menu_order":0,"comment_status":"closed","ping_status":"closed","template":"wp-custom-template-page-with-table-of-contents-sidebar","meta":{"_acf_changed":false,"_gspb_post_css":"","footnotes":""},"class_list":["post-3847","page","type-page","status-publish","has-post-thumbnail","hentry"],"acf":[],"_links":{"self":[{"href":"https:\/\/capital-transmission.swiss-tomato.ch\/de\/wp-json\/wp\/v2\/pages\/3847","targetHints":{"allow":["GET"]}}],"collection":[{"href":"https:\/\/capital-transmission.swiss-tomato.ch\/de\/wp-json\/wp\/v2\/pages"}],"about":[{"href":"https:\/\/capital-transmission.swiss-tomato.ch\/de\/wp-json\/wp\/v2\/types\/page"}],"author":[{"embeddable":true,"href":"https:\/\/capital-transmission.swiss-tomato.ch\/de\/wp-json\/wp\/v2\/users\/1"}],"replies":[{"embeddable":true,"href":"https:\/\/capital-transmission.swiss-tomato.ch\/de\/wp-json\/wp\/v2\/comments?post=3847"}],"version-history":[{"count":1,"href":"https:\/\/capital-transmission.swiss-tomato.ch\/de\/wp-json\/wp\/v2\/pages\/3847\/revisions"}],"predecessor-version":[{"id":3848,"href":"https:\/\/capital-transmission.swiss-tomato.ch\/de\/wp-json\/wp\/v2\/pages\/3847\/revisions\/3848"}],"wp:featuredmedia":[{"embeddable":true,"href":"https:\/\/capital-transmission.swiss-tomato.ch\/de\/wp-json\/wp\/v2\/media\/2157"}],"wp:attachment":[{"href":"https:\/\/capital-transmission.swiss-tomato.ch\/de\/wp-json\/wp\/v2\/media?parent=3847"}],"curies":[{"name":"wp","href":"https:\/\/api.w.org\/{rel}","templated":true}]}}