{"id":2156,"date":"2025-10-25T16:52:15","date_gmt":"2025-10-25T16:52:15","guid":{"rendered":"https:\/\/capital-transmission.swiss-tomato.ch\/terms-and-conditions\/"},"modified":"2025-12-05T16:16:11","modified_gmt":"2025-12-05T16:16:11","slug":"terms-and-conditions","status":"publish","type":"page","link":"https:\/\/capital-transmission.swiss-tomato.ch\/de\/terms-and-conditions\/","title":{"rendered":"Rechtliche Hinweise"},"content":{"rendered":"\n<h2 class=\"wp-block-heading\" id=\"1-editeur-du-site\">1. Herausgeber der Website<\/h2>\n\n<p><strong>Capital Transmission SA<\/strong><br\/>Quai de l\u2019\u00cele 17<br\/>1204 Genf \u2013 Schweiz<br\/>Telefon: +41 (0)58 211 21 42<br\/>E-Mail: info@capitaltransmission.ch<br\/>Website: <a href=\"https:\/\/www.capitaltransmission.ch\" target=\"_blank\" rel=\"noopener\">https:\/\/www.capitaltransmission.ch<\/a><\/p>\n\n<p>UID: <strong>CHE-104.855.082<\/strong><br\/>CH-ID: <strong>CH-660-1929998-8<\/strong><br\/>Rechtsform: <strong>Aktiengesellschaft (SA)<\/strong><br\/>Sitz: <strong>Genf, Schweiz<\/strong><br\/>Revisionsstelle: <strong>Deloitte SA<\/strong><\/p>\n\n<h2 class=\"wp-block-heading\" id=\"2-objet-du-site\">2. Zweck der Website<\/h2>\n\n<p>Die Website von <strong>Capital Transmission SA<\/strong> ist eine <strong>reine Informationsplattform<\/strong>.<br\/>Sie stellt die T\u00e4tigkeiten, die Investitionsphilosophie und ausgew\u00e4hlte Beteiligungen des Unternehmens vor.<br\/>Die ver\u00f6ffentlichten Informationen stellen <strong>weder ein Angebot noch eine Aufforderung oder Empfehlung<\/strong> zum Kauf, Verkauf oder zur Finanzierung dar.<\/p>\n\n<h2 class=\"wp-block-heading\" id=\"3-responsabilite\">3. Haftung<\/h2>\n\n<p>Capital Transmission SA bem\u00fcht sich, die Richtigkeit und Aktualit\u00e4t der auf der Website ver\u00f6ffentlichten Informationen sicherzustellen.<br\/>Dennoch <strong>\u00fcbernimmt das Unternehmen keine Gew\u00e4hr<\/strong> f\u00fcr die Vollst\u00e4ndigkeit oder Genauigkeit der Inhalte und <strong>lehnt jede Haftung<\/strong> f\u00fcr Fehler, Auslassungen oder Sch\u00e4den ab, die sich aus dem Zugriff auf die Website oder ihrer Nutzung ergeben k\u00f6nnen.<\/p>\n\n<p>Der Zugriff und die Nutzung der Website erfolgen <strong>auf eigene Verantwortung des Nutzers<\/strong>.<\/p>\n\n<h2 class=\"wp-block-heading\" id=\"4-propriete-intellectuelle\">4. Geistiges Eigentum<\/h2>\n\n<p>Der gesamte Inhalt der Website (Texte, Bilder, Logos, Grafiken, Videos, Dokumente, Struktur, Quellcode usw.) ist Eigentum von <strong>Capital Transmission SA<\/strong> oder wird mit Genehmigung verwendet.<br\/>Jede Vervielf\u00e4ltigung, Verbreitung oder Nutzung, auch teilweise, ohne vorherige schriftliche Zustimmung ist untersagt.<\/p>\n\n<p><\/p>\n\n<h2 class=\"wp-block-heading\" id=\"4-propriete-intellectuelle\">5. Externe Links<\/h2>\n\n<p>Die Website kann Links zu Websites Dritter enthalten.<br\/><strong>Capital Transmission SA<\/strong> hat <strong>keinen Einfluss<\/strong> auf deren Inhalte und <strong>\u00fcbernimmt keine Verantwortung<\/strong> f\u00fcr deren Richtigkeit, Datenschutzpraktiken oder Nutzungsbedingungen.<\/p>\n\n<h2 class=\"wp-block-heading\" id=\"4-propriete-intellectuelle\">6. Datenschutzhinweis<\/h2>\n\n<p>Die Bestimmungen zur Erhebung und Verarbeitung personenbezogener Daten sind in unserer <strong>Datenschutzhinweis <\/strong>beschrieben.<\/p>\n\n<h2 class=\"wp-block-heading\" id=\"4-propriete-intellectuelle\">7. Anwendbares Recht und Gerichtsstand<\/h2>\n\n<p>Inhalt und Nutzung dieser Website unterliegen dem <strong>Schweizer Recht<\/strong>.<br\/>Alle Streitigkeiten im Zusammenhang mit der Nutzung dieser Website unterliegen der <strong>ausschlie\u00dflichen Zust\u00e4ndigkeit der Gerichte des Kantons Genf<\/strong>, vorbehaltlich einer Berufung an das Bundesgericht.<\/p>\n\n<h2 class=\"wp-block-heading\" id=\"4-propriete-intellectuelle\">8. Kontakt<\/h2>\n\n<p><strong>Capital Transmission SA<\/strong><br\/>Quai de l\u2019\u00cele 17<br\/>1204 Genf \u2013 Schweiz<br\/>E-Mail: <a href=\"mailto:info@capitaltransmission.ch\">info@capitaltransmission.ch<\/a><br\/>Telefon: +41 (0)58 211 21 42<\/p>\n","protected":false},"excerpt":{"rendered":"<p>1. Herausgeber der Website Capital Transmission SAQuai de l\u2019\u00cele 171204 Genf \u2013 SchweizTelefon: +41 (0)58 211 21 42E-Mail: info@capitaltransmission.chWebsite: https:\/\/www.capitaltransmission.ch UID: CHE-104.855.082CH-ID: CH-660-1929998-8Rechtsform: Aktiengesellschaft (SA)Sitz: Genf, SchweizRevisionsstelle: Deloitte SA 2. Zweck der Website Die Website von Capital Transmission SA ist eine reine Informationsplattform.Sie stellt die T\u00e4tigkeiten, die Investitionsphilosophie und ausgew\u00e4hlte Beteiligungen des Unternehmens vor.Die ver\u00f6ffentlichten [&hellip;]<\/p>\n","protected":false},"author":1,"featured_media":2157,"parent":0,"menu_order":0,"comment_status":"closed","ping_status":"closed","template":"wp-custom-template-page-with-table-of-contents-sidebar","meta":{"_acf_changed":false,"_gspb_post_css":"","footnotes":""},"class_list":["post-2156","page","type-page","status-publish","has-post-thumbnail","hentry"],"acf":[],"_links":{"self":[{"href":"https:\/\/capital-transmission.swiss-tomato.ch\/de\/wp-json\/wp\/v2\/pages\/2156","targetHints":{"allow":["GET"]}}],"collection":[{"href":"https:\/\/capital-transmission.swiss-tomato.ch\/de\/wp-json\/wp\/v2\/pages"}],"about":[{"href":"https:\/\/capital-transmission.swiss-tomato.ch\/de\/wp-json\/wp\/v2\/types\/page"}],"author":[{"embeddable":true,"href":"https:\/\/capital-transmission.swiss-tomato.ch\/de\/wp-json\/wp\/v2\/users\/1"}],"replies":[{"embeddable":true,"href":"https:\/\/capital-transmission.swiss-tomato.ch\/de\/wp-json\/wp\/v2\/comments?post=2156"}],"version-history":[{"count":3,"href":"https:\/\/capital-transmission.swiss-tomato.ch\/de\/wp-json\/wp\/v2\/pages\/2156\/revisions"}],"predecessor-version":[{"id":3645,"href":"https:\/\/capital-transmission.swiss-tomato.ch\/de\/wp-json\/wp\/v2\/pages\/2156\/revisions\/3645"}],"wp:featuredmedia":[{"embeddable":true,"href":"https:\/\/capital-transmission.swiss-tomato.ch\/de\/wp-json\/wp\/v2\/media\/2157"}],"wp:attachment":[{"href":"https:\/\/capital-transmission.swiss-tomato.ch\/de\/wp-json\/wp\/v2\/media?parent=2156"}],"curies":[{"name":"wp","href":"https:\/\/api.w.org\/{rel}","templated":true}]}}